{"id":9,"date":"2017-05-16T08:41:43","date_gmt":"2017-05-16T06:41:43","guid":{"rendered":"https:\/\/welcometoteachland.es\/aula_sec\/?page_id=9"},"modified":"2024-04-18T00:06:06","modified_gmt":"2024-04-17T22:06:06","slug":"inicio","status":"publish","type":"page","link":"https:\/\/welcometoteachland.es\/aula_sec\/","title":{"rendered":"Inicio"},"content":{"rendered":"\t\t<div data-elementor-type=\"wp-page\" data-elementor-id=\"9\" class=\"elementor elementor-9\">\n\t\t\t\t<div class=\"elementor-element elementor-element-634672a e-flex e-con-boxed e-con e-parent\" data-id=\"634672a\" data-element_type=\"container\" data-e-type=\"container\">\n\t\t\t\t\t<div class=\"e-con-inner\">\n\t\t<div class=\"elementor-element elementor-element-70ea8e7 e-con-full e-flex e-con e-child\" data-id=\"70ea8e7\" data-element_type=\"container\" data-e-type=\"container\">\n\t\t\t\t<div class=\"elementor-element elementor-element-3c9f6fd elementor-widget elementor-widget-image\" data-id=\"3c9f6fd\" data-element_type=\"widget\" data-e-type=\"widget\" data-widget_type=\"image.default\">\n\t\t\t\t<div class=\"elementor-widget-container\">\n\t\t\t\t\t\t\t\t\t\t\t\t\t\t\t<img fetchpriority=\"high\" decoding=\"async\" width=\"525\" height=\"350\" src=\"https:\/\/welcometoteachland.es\/aula_sec\/wp-content\/uploads\/2021\/09\/online-communication-1024x683.jpg\" class=\"attachment-large size-large wp-image-4311\" alt=\"\" srcset=\"https:\/\/welcometoteachland.es\/aula_sec\/wp-content\/uploads\/2021\/09\/online-communication-1024x683.jpg 1024w, https:\/\/welcometoteachland.es\/aula_sec\/wp-content\/uploads\/2021\/09\/online-communication-300x200.jpg 300w, https:\/\/welcometoteachland.es\/aula_sec\/wp-content\/uploads\/2021\/09\/online-communication-768x512.jpg 768w, https:\/\/welcometoteachland.es\/aula_sec\/wp-content\/uploads\/2021\/09\/online-communication-1568x1045.jpg 1568w\" sizes=\"(max-width: 525px) 100vw, 525px\" \/>\t\t\t\t\t\t\t\t\t\t\t\t\t\t\t<\/div>\n\t\t\t\t<\/div>\n\t\t\t\t<\/div>\n\t\t<div class=\"elementor-element elementor-element-99badc1 e-con-full e-flex e-con e-child\" data-id=\"99badc1\" data-element_type=\"container\" data-e-type=\"container\">\n\t\t\t\t<div class=\"elementor-element elementor-element-cb03292 elementor-widget elementor-widget-text-editor\" data-id=\"cb03292\" data-element_type=\"widget\" data-e-type=\"widget\" data-widget_type=\"text-editor.default\">\n\t\t\t\t<div class=\"elementor-widget-container\">\n\t\t\t\t\t\t\t\t\t<p>Ofrecemos una formaci\u00f3n continua de calidad, mediante una plataforma modular online a la que podr\u00e1s acceder desde cualquier dispositivo; \u00fanicamente necesitas tu ordenador, tablet o m\u00f3vil y una conexi\u00f3n de internet. Accede a tus clases en diferido si no puedes asistir en directo.<\/p><p>Utilizamos un sistema de videoconferencia con la mejor calidad de imagen y sonido para que puedas tratar de manera personalizada con tu tutor personal y te acompa\u00f1amos en todo el proceso de aprendizaje.<\/p><p>Tratar\u00e1s directamente con profesionales cualificados dispuestos a ayudarte a conseguir tus objetivos. Todos nuestros profesores son biling\u00fces o nativos con gran experiencia y vocaci\u00f3n por la ense\u00f1anza del idioma.<\/p><p>Realiza nuestra prueba de nivel y prep\u00e1rate el nivel de MCERL (B1, B2, C1) que m\u00e1s te interese.<\/p>\t\t\t\t\t\t\t\t<\/div>\n\t\t\t\t<\/div>\n\t\t\t\t<\/div>\n\t\t\t\t\t<\/div>\n\t\t\t\t<\/div>\n\t\t<div class=\"elementor-element elementor-element-bb1ea65 e-flex e-con-boxed e-con e-parent\" data-id=\"bb1ea65\" data-element_type=\"container\" data-e-type=\"container\">\n\t\t\t\t\t<div class=\"e-con-inner\">\n\t\t<div class=\"elementor-element elementor-element-f5133d1 e-con-full e-flex e-con e-child\" data-id=\"f5133d1\" data-element_type=\"container\" data-e-type=\"container\">\n\t\t\t\t<div class=\"elementor-element elementor-element-0cc35fd elementor-widget elementor-widget-heading\" data-id=\"0cc35fd\" data-element_type=\"widget\" data-e-type=\"widget\" data-widget_type=\"heading.default\">\n\t\t\t\t<div class=\"elementor-widget-container\">\n\t\t\t\t\t<h2 class=\"elementor-heading-title elementor-size-default\">NUESTROS ALUMNOS COMENTAN:<\/h2>\t\t\t\t<\/div>\n\t\t\t\t<\/div>\n\t\t\t\t<div class=\"elementor-element elementor-element-7c31965 elementor-widget elementor-widget-text-editor\" data-id=\"7c31965\" data-element_type=\"widget\" data-e-type=\"widget\" data-widget_type=\"text-editor.default\">\n\t\t\t\t<div class=\"elementor-widget-container\">\n\t\t\t\t\t\t\t\t\t<ul><li>Me hubiese gustado poder aprovecharlo pero independientemente ha sido genial la flexibilidad mostrada durante su realizaci\u00f3n.<\/li><li>Recomendables 100%<\/li><li>Sinceramente, he pasado por 3 academias con la intenci\u00f3n de sacarme un t\u00edtulo que me ayudara en mi futuro y, la verdad, como esta no ha habido ninguna. A pesar de que al principio el hecho de ser online y nada m\u00e1s en dos meses me echaba para atr\u00e1s, me he dado cuenta de que nunca me hab\u00edan preparado tan bien como B\u00e1rbara me lo ha posibilitado. Asimismo, haya aprobado el examen o no, me quedo con todo lo aprendido y, sin duda alguna, espero el a\u00f1o que viene repetir.<\/li><li>Recomendable, me ha gustado mucho realizar este curso.<\/li><\/ul>\t\t\t\t\t\t\t\t<\/div>\n\t\t\t\t<\/div>\n\t\t\t\t<\/div>\n\t\t<div class=\"elementor-element elementor-element-035ec23 e-con-full e-flex e-con e-child\" data-id=\"035ec23\" data-element_type=\"container\" data-e-type=\"container\" data-settings=\"{&quot;background_background&quot;:&quot;classic&quot;}\">\n\t\t\t\t<div class=\"elementor-element elementor-element-428f153 elementor-widget elementor-widget-heading\" data-id=\"428f153\" data-element_type=\"widget\" data-e-type=\"widget\" data-widget_type=\"heading.default\">\n\t\t\t\t<div class=\"elementor-widget-container\">\n\t\t\t\t\t<h2 class=\"elementor-heading-title elementor-size-default\">PIDE INFORMACI\u00d3N\n<\/h2>\t\t\t\t<\/div>\n\t\t\t\t<\/div>\n\t\t\t\t<div class=\"elementor-element elementor-element-d33de6b elementor-widget elementor-widget-shortcode\" data-id=\"d33de6b\" data-element_type=\"widget\" data-e-type=\"widget\" data-widget_type=\"shortcode.default\">\n\t\t\t\t<div class=\"elementor-widget-container\">\n\t\t\t\t\t\t\t<div class=\"elementor-shortcode\"><div class=\"wpforms-container wpforms-container-full\" id=\"wpforms-6644\"><form id=\"wpforms-form-6644\" class=\"wpforms-validate wpforms-form wpforms-ajax-form\" data-formid=\"6644\" method=\"post\" enctype=\"multipart\/form-data\" action=\"\/aula_sec\/wp-json\/wp\/v2\/pages\/9\" data-token=\"503b76cd4677e1a37838a7f4d965401d\" data-token-time=\"1778067613\"><noscript class=\"wpforms-error-noscript\">Por favor, activa JavaScript en tu navegador para completar este formulario.<\/noscript><div class=\"wpforms-field-container\"><div id=\"wpforms-6644-field_0-container\" class=\"wpforms-field wpforms-field-name\" data-field-id=\"0\"><label class=\"wpforms-field-label\" for=\"wpforms-6644-field_0\">Nombre <span class=\"wpforms-required-label\">*<\/span><\/label><input type=\"text\" id=\"wpforms-6644-field_0\" class=\"wpforms-field-medium wpforms-field-required\" name=\"wpforms[fields][0]\" required><\/div><div id=\"wpforms-6644-field_1-container\" class=\"wpforms-field wpforms-field-email\" data-field-id=\"1\"><label class=\"wpforms-field-label\" for=\"wpforms-6644-field_1\">Correo electr\u00f3nico <span class=\"wpforms-required-label\">*<\/span><\/label><input type=\"email\" id=\"wpforms-6644-field_1\" class=\"wpforms-field-medium wpforms-field-required\" name=\"wpforms[fields][1]\" spellcheck=\"false\" required><\/div><div id=\"wpforms-6644-field_4-container\" class=\"wpforms-field wpforms-field-radio\" data-field-id=\"4\"><label class=\"wpforms-field-label\">Curso<\/label><ul id=\"wpforms-6644-field_4\"><li class=\"choice-1 depth-1\"><input type=\"radio\" id=\"wpforms-6644-field_4_1\" name=\"wpforms[fields][4]\" value=\"Ingl\u00e9s\"  ><label class=\"wpforms-field-label-inline\" for=\"wpforms-6644-field_4_1\">Ingl\u00e9s<\/label><\/li><li class=\"choice-2 depth-1\"><input type=\"radio\" id=\"wpforms-6644-field_4_2\" name=\"wpforms[fields][4]\" value=\"Franc\u00e9s\"  ><label class=\"wpforms-field-label-inline\" for=\"wpforms-6644-field_4_2\">Franc\u00e9s<\/label><\/li><\/ul><\/div><div id=\"wpforms-6644-field_5-container\" class=\"wpforms-field wpforms-field-radio\" data-field-id=\"5\"><label class=\"wpforms-field-label\">Nivel<\/label><ul id=\"wpforms-6644-field_5\"><li class=\"choice-1 depth-1\"><input type=\"radio\" id=\"wpforms-6644-field_5_1\" name=\"wpforms[fields][5]\" value=\"A1 (inicial)\"  ><label class=\"wpforms-field-label-inline\" for=\"wpforms-6644-field_5_1\">A1 (inicial)<\/label><\/li><li class=\"choice-2 depth-1\"><input type=\"radio\" id=\"wpforms-6644-field_5_2\" name=\"wpforms[fields][5]\" value=\"A2\"  ><label class=\"wpforms-field-label-inline\" for=\"wpforms-6644-field_5_2\">A2<\/label><\/li><li class=\"choice-4 depth-1\"><input type=\"radio\" id=\"wpforms-6644-field_5_4\" name=\"wpforms[fields][5]\" value=\"B1\"  ><label class=\"wpforms-field-label-inline\" for=\"wpforms-6644-field_5_4\">B1<\/label><\/li><li class=\"choice-5 depth-1\"><input type=\"radio\" id=\"wpforms-6644-field_5_5\" name=\"wpforms[fields][5]\" value=\"B2\"  ><label class=\"wpforms-field-label-inline\" for=\"wpforms-6644-field_5_5\">B2<\/label><\/li><li class=\"choice-6 depth-1\"><input type=\"radio\" id=\"wpforms-6644-field_5_6\" name=\"wpforms[fields][5]\" value=\"C1\"  ><label class=\"wpforms-field-label-inline\" for=\"wpforms-6644-field_5_6\">C1<\/label><\/li><\/ul><\/div><div id=\"wpforms-6644-field_8-container\" class=\"wpforms-field wpforms-field-gdpr-checkbox\" data-field-id=\"8\"><label class=\"wpforms-field-label\">Pol\u00edtica de protecci\u00f3n de datos y aviso legal <span class=\"wpforms-required-label\">*<\/span><\/label><ul id=\"wpforms-6644-field_8\" class=\"wpforms-field-required\"><li class=\"choice-1\"><input type=\"checkbox\" id=\"wpforms-6644-field_8_1\" name=\"wpforms[fields][8][]\" value=\"Doy mi consentimiento para que esta web almacene la informaci\u00f3n que env\u00edo para que puedan responder a mi petici\u00f3n. \" required ><label class=\"wpforms-field-label-inline\" for=\"wpforms-6644-field_8_1\">Doy mi consentimiento para que esta web almacene la informaci\u00f3n que env\u00edo para que puedan responder a mi petici\u00f3n. <\/label><\/li><\/ul><\/div><\/div><!-- .wpforms-field-container --><div class=\"wpforms-recaptcha-container wpforms-is-recaptcha wpforms-is-recaptcha-type-v2\" ><div class=\"g-recaptcha\" data-sitekey=\"6LfDF7wiAAAAADG139Tl1_bfeT3NKF5vFkS6ILbp\"><\/div><input type=\"text\" name=\"g-recaptcha-hidden\" class=\"wpforms-recaptcha-hidden\" style=\"position:absolute!important;clip:rect(0,0,0,0)!important;height:1px!important;width:1px!important;border:0!important;overflow:hidden!important;padding:0!important;margin:0!important;\" data-rule-recaptcha=\"1\"><\/div><div class=\"wpforms-submit-container\" ><input type=\"hidden\" name=\"wpforms[id]\" value=\"6644\"><input type=\"hidden\" name=\"page_title\" value=\"\"><input type=\"hidden\" name=\"page_url\" value=\"https:\/\/welcometoteachland.es\/aula_sec\/wp-json\/wp\/v2\/pages\/9\"><input type=\"hidden\" name=\"url_referer\" value=\"\"><button type=\"submit\" name=\"wpforms[submit]\" id=\"wpforms-submit-6644\" class=\"wpforms-submit\" data-alt-text=\"Enviando...\" data-submit-text=\"Enviar\" aria-live=\"assertive\" value=\"wpforms-submit\">Enviar<\/button><img decoding=\"async\" src=\"https:\/\/welcometoteachland.es\/aula_sec\/wp-content\/plugins\/wpforms-lite\/assets\/images\/submit-spin.svg\" class=\"wpforms-submit-spinner\" style=\"display: none;\" width=\"26\" height=\"26\" alt=\"Cargando\"><\/div><\/form><\/div>  <!-- .wpforms-container --><\/div>\n\t\t\t\t\t\t<\/div>\n\t\t\t\t<\/div>\n\t\t\t\t<\/div>\n\t\t\t\t\t<\/div>\n\t\t\t\t<\/div>\n\t\t\t\t<\/div>\n\t\t","protected":false},"excerpt":{"rendered":"<p>Ofrecemos una formaci\u00f3n continua de calidad, mediante una plataforma modular online a la que podr\u00e1s acceder desde cualquier dispositivo; \u00fanicamente [&hellip;]<\/p>\n","protected":false},"author":143,"featured_media":0,"parent":0,"menu_order":0,"comment_status":"closed","ping_status":"closed","template":"elementor_header_footer","meta":{"footnotes":""},"class_list":["post-9","page","type-page","status-publish","hentry"],"yoast_head":"<!-- This site is optimized with the Yoast SEO plugin v27.4 - https:\/\/yoast.com\/product\/yoast-seo-wordpress\/ -->\n<title>Inicio - Welcome To Teachland<\/title>\n<meta name=\"robots\" content=\"index, follow, max-snippet:-1, max-image-preview:large, max-video-preview:-1\" \/>\n<link rel=\"canonical\" href=\"https:\/\/welcometoteachland.es\/aula_sec\/\" \/>\n<meta property=\"og:locale\" content=\"es_ES\" \/>\n<meta property=\"og:type\" content=\"article\" \/>\n<meta property=\"og:title\" content=\"Inicio - Welcome To Teachland\" \/>\n<meta property=\"og:description\" content=\"Ofrecemos una formaci\u00f3n continua de calidad, mediante una plataforma modular online a la que podr\u00e1s acceder desde cualquier dispositivo; \u00fanicamente [&hellip;]\" \/>\n<meta property=\"og:url\" content=\"https:\/\/welcometoteachland.es\/aula_sec\/\" \/>\n<meta property=\"og:site_name\" content=\"Welcome To Teachland\" \/>\n<meta property=\"article:modified_time\" content=\"2024-04-17T22:06:06+00:00\" \/>\n<meta property=\"og:image\" content=\"https:\/\/welcometoteachland.es\/aula_sec\/wp-content\/uploads\/2021\/09\/online-communication-1024x683.jpg\" \/>\n\t<meta property=\"og:image:width\" content=\"1024\" \/>\n\t<meta property=\"og:image:height\" content=\"683\" \/>\n\t<meta property=\"og:image:type\" content=\"image\/jpeg\" \/>\n<meta name=\"twitter:card\" content=\"summary_large_image\" \/>\n<meta name=\"twitter:label1\" content=\"Tiempo de lectura\" \/>\n\t<meta name=\"twitter:data1\" content=\"1 minuto\" \/>\n<script type=\"application\/ld+json\" class=\"yoast-schema-graph\">{\"@context\":\"https:\\\/\\\/schema.org\",\"@graph\":[{\"@type\":\"WebPage\",\"@id\":\"https:\\\/\\\/welcometoteachland.es\\\/aula_sec\\\/\",\"url\":\"https:\\\/\\\/welcometoteachland.es\\\/aula_sec\\\/\",\"name\":\"Inicio - Welcome To Teachland\",\"isPartOf\":{\"@id\":\"https:\\\/\\\/welcometoteachland.es\\\/aula_sec\\\/#website\"},\"primaryImageOfPage\":{\"@id\":\"https:\\\/\\\/welcometoteachland.es\\\/aula_sec\\\/#primaryimage\"},\"image\":{\"@id\":\"https:\\\/\\\/welcometoteachland.es\\\/aula_sec\\\/#primaryimage\"},\"thumbnailUrl\":\"https:\\\/\\\/welcometoteachland.es\\\/aula_sec\\\/wp-content\\\/uploads\\\/2021\\\/09\\\/online-communication-1024x683.jpg\",\"datePublished\":\"2017-05-16T06:41:43+00:00\",\"dateModified\":\"2024-04-17T22:06:06+00:00\",\"breadcrumb\":{\"@id\":\"https:\\\/\\\/welcometoteachland.es\\\/aula_sec\\\/#breadcrumb\"},\"inLanguage\":\"es\",\"potentialAction\":[{\"@type\":\"ReadAction\",\"target\":[\"https:\\\/\\\/welcometoteachland.es\\\/aula_sec\\\/\"]}]},{\"@type\":\"ImageObject\",\"inLanguage\":\"es\",\"@id\":\"https:\\\/\\\/welcometoteachland.es\\\/aula_sec\\\/#primaryimage\",\"url\":\"https:\\\/\\\/welcometoteachland.es\\\/aula_sec\\\/wp-content\\\/uploads\\\/2021\\\/09\\\/online-communication.jpg\",\"contentUrl\":\"https:\\\/\\\/welcometoteachland.es\\\/aula_sec\\\/wp-content\\\/uploads\\\/2021\\\/09\\\/online-communication.jpg\",\"width\":5760,\"height\":3840,\"caption\":\"Happy learners video chatting with friends online\"},{\"@type\":\"BreadcrumbList\",\"@id\":\"https:\\\/\\\/welcometoteachland.es\\\/aula_sec\\\/#breadcrumb\",\"itemListElement\":[{\"@type\":\"ListItem\",\"position\":1,\"name\":\"Portada\",\"item\":\"https:\\\/\\\/welcometoteachland.es\\\/aula_sec\\\/\"},{\"@type\":\"ListItem\",\"position\":2,\"name\":\"Inicio\"}]},{\"@type\":\"WebSite\",\"@id\":\"https:\\\/\\\/welcometoteachland.es\\\/aula_sec\\\/#website\",\"url\":\"https:\\\/\\\/welcometoteachland.es\\\/aula_sec\\\/\",\"name\":\"Welcome To Teachland\",\"description\":\"\",\"publisher\":{\"@id\":\"https:\\\/\\\/welcometoteachland.es\\\/aula_sec\\\/#organization\"},\"potentialAction\":[{\"@type\":\"SearchAction\",\"target\":{\"@type\":\"EntryPoint\",\"urlTemplate\":\"https:\\\/\\\/welcometoteachland.es\\\/aula_sec\\\/?s={search_term_string}\"},\"query-input\":{\"@type\":\"PropertyValueSpecification\",\"valueRequired\":true,\"valueName\":\"search_term_string\"}}],\"inLanguage\":\"es\"},{\"@type\":\"Organization\",\"@id\":\"https:\\\/\\\/welcometoteachland.es\\\/aula_sec\\\/#organization\",\"name\":\"Welcome To Teachland\",\"url\":\"https:\\\/\\\/welcometoteachland.es\\\/aula_sec\\\/\",\"logo\":{\"@type\":\"ImageObject\",\"inLanguage\":\"es\",\"@id\":\"https:\\\/\\\/welcometoteachland.es\\\/aula_sec\\\/#\\\/schema\\\/logo\\\/image\\\/\",\"url\":\"https:\\\/\\\/welcometoteachland.es\\\/aula_sec\\\/wp-content\\\/uploads\\\/2021\\\/09\\\/cropped-Welcome-to-teachland-3-2.png\",\"contentUrl\":\"https:\\\/\\\/welcometoteachland.es\\\/aula_sec\\\/wp-content\\\/uploads\\\/2021\\\/09\\\/cropped-Welcome-to-teachland-3-2.png\",\"width\":327,\"height\":293,\"caption\":\"Welcome To Teachland\"},\"image\":{\"@id\":\"https:\\\/\\\/welcometoteachland.es\\\/aula_sec\\\/#\\\/schema\\\/logo\\\/image\\\/\"}}]}<\/script>\n<!-- \/ Yoast SEO plugin. -->","yoast_head_json":{"title":"Inicio - Welcome To Teachland","robots":{"index":"index","follow":"follow","max-snippet":"max-snippet:-1","max-image-preview":"max-image-preview:large","max-video-preview":"max-video-preview:-1"},"canonical":"https:\/\/welcometoteachland.es\/aula_sec\/","og_locale":"es_ES","og_type":"article","og_title":"Inicio - Welcome To Teachland","og_description":"Ofrecemos una formaci\u00f3n continua de calidad, mediante una plataforma modular online a la que podr\u00e1s acceder desde cualquier dispositivo; \u00fanicamente [&hellip;]","og_url":"https:\/\/welcometoteachland.es\/aula_sec\/","og_site_name":"Welcome To Teachland","article_modified_time":"2024-04-17T22:06:06+00:00","og_image":[{"width":1024,"height":683,"url":"https:\/\/welcometoteachland.es\/aula_sec\/wp-content\/uploads\/2021\/09\/online-communication-1024x683.jpg","type":"image\/jpeg"}],"twitter_card":"summary_large_image","twitter_misc":{"Tiempo de lectura":"1 minuto"},"schema":{"@context":"https:\/\/schema.org","@graph":[{"@type":"WebPage","@id":"https:\/\/welcometoteachland.es\/aula_sec\/","url":"https:\/\/welcometoteachland.es\/aula_sec\/","name":"Inicio - Welcome To Teachland","isPartOf":{"@id":"https:\/\/welcometoteachland.es\/aula_sec\/#website"},"primaryImageOfPage":{"@id":"https:\/\/welcometoteachland.es\/aula_sec\/#primaryimage"},"image":{"@id":"https:\/\/welcometoteachland.es\/aula_sec\/#primaryimage"},"thumbnailUrl":"https:\/\/welcometoteachland.es\/aula_sec\/wp-content\/uploads\/2021\/09\/online-communication-1024x683.jpg","datePublished":"2017-05-16T06:41:43+00:00","dateModified":"2024-04-17T22:06:06+00:00","breadcrumb":{"@id":"https:\/\/welcometoteachland.es\/aula_sec\/#breadcrumb"},"inLanguage":"es","potentialAction":[{"@type":"ReadAction","target":["https:\/\/welcometoteachland.es\/aula_sec\/"]}]},{"@type":"ImageObject","inLanguage":"es","@id":"https:\/\/welcometoteachland.es\/aula_sec\/#primaryimage","url":"https:\/\/welcometoteachland.es\/aula_sec\/wp-content\/uploads\/2021\/09\/online-communication.jpg","contentUrl":"https:\/\/welcometoteachland.es\/aula_sec\/wp-content\/uploads\/2021\/09\/online-communication.jpg","width":5760,"height":3840,"caption":"Happy learners video chatting with friends online"},{"@type":"BreadcrumbList","@id":"https:\/\/welcometoteachland.es\/aula_sec\/#breadcrumb","itemListElement":[{"@type":"ListItem","position":1,"name":"Portada","item":"https:\/\/welcometoteachland.es\/aula_sec\/"},{"@type":"ListItem","position":2,"name":"Inicio"}]},{"@type":"WebSite","@id":"https:\/\/welcometoteachland.es\/aula_sec\/#website","url":"https:\/\/welcometoteachland.es\/aula_sec\/","name":"Welcome To Teachland","description":"","publisher":{"@id":"https:\/\/welcometoteachland.es\/aula_sec\/#organization"},"potentialAction":[{"@type":"SearchAction","target":{"@type":"EntryPoint","urlTemplate":"https:\/\/welcometoteachland.es\/aula_sec\/?s={search_term_string}"},"query-input":{"@type":"PropertyValueSpecification","valueRequired":true,"valueName":"search_term_string"}}],"inLanguage":"es"},{"@type":"Organization","@id":"https:\/\/welcometoteachland.es\/aula_sec\/#organization","name":"Welcome To Teachland","url":"https:\/\/welcometoteachland.es\/aula_sec\/","logo":{"@type":"ImageObject","inLanguage":"es","@id":"https:\/\/welcometoteachland.es\/aula_sec\/#\/schema\/logo\/image\/","url":"https:\/\/welcometoteachland.es\/aula_sec\/wp-content\/uploads\/2021\/09\/cropped-Welcome-to-teachland-3-2.png","contentUrl":"https:\/\/welcometoteachland.es\/aula_sec\/wp-content\/uploads\/2021\/09\/cropped-Welcome-to-teachland-3-2.png","width":327,"height":293,"caption":"Welcome To Teachland"},"image":{"@id":"https:\/\/welcometoteachland.es\/aula_sec\/#\/schema\/logo\/image\/"}}]}},"_links":{"self":[{"href":"https:\/\/welcometoteachland.es\/aula_sec\/wp-json\/wp\/v2\/pages\/9","targetHints":{"allow":["GET"]}}],"collection":[{"href":"https:\/\/welcometoteachland.es\/aula_sec\/wp-json\/wp\/v2\/pages"}],"about":[{"href":"https:\/\/welcometoteachland.es\/aula_sec\/wp-json\/wp\/v2\/types\/page"}],"author":[{"embeddable":true,"href":"https:\/\/welcometoteachland.es\/aula_sec\/wp-json\/wp\/v2\/users\/143"}],"replies":[{"embeddable":true,"href":"https:\/\/welcometoteachland.es\/aula_sec\/wp-json\/wp\/v2\/comments?post=9"}],"version-history":[{"count":35,"href":"https:\/\/welcometoteachland.es\/aula_sec\/wp-json\/wp\/v2\/pages\/9\/revisions"}],"predecessor-version":[{"id":8060,"href":"https:\/\/welcometoteachland.es\/aula_sec\/wp-json\/wp\/v2\/pages\/9\/revisions\/8060"}],"wp:attachment":[{"href":"https:\/\/welcometoteachland.es\/aula_sec\/wp-json\/wp\/v2\/media?parent=9"}],"curies":[{"name":"wp","href":"https:\/\/api.w.org\/{rel}","templated":true}]}}