{"id":33,"date":"2017-05-16T09:46:19","date_gmt":"2017-05-16T07:46:19","guid":{"rendered":"https:\/\/welcometoteachland.es\/aula_sec\/?page_id=33"},"modified":"2024-04-17T23:47:13","modified_gmt":"2024-04-17T21:47:13","slug":"nuestra-academia","status":"publish","type":"page","link":"https:\/\/welcometoteachland.es\/aula_sec\/nuestra-academia\/","title":{"rendered":"\u00bfQui\u00e9nes somos?"},"content":{"rendered":"\t\t<div data-elementor-type=\"wp-page\" data-elementor-id=\"33\" class=\"elementor elementor-33\">\n\t\t\t\t<div class=\"elementor-element elementor-element-3a9e3ac e-flex e-con-boxed e-con e-parent\" data-id=\"3a9e3ac\" data-element_type=\"container\" data-e-type=\"container\">\n\t\t\t\t\t<div class=\"e-con-inner\">\n\t\t<div class=\"elementor-element elementor-element-9fc6ae5 e-con-full e-flex e-con e-child\" data-id=\"9fc6ae5\" data-element_type=\"container\" data-e-type=\"container\">\n\t\t\t\t<div class=\"elementor-element elementor-element-392edb7 elementor-widget elementor-widget-text-editor\" data-id=\"392edb7\" data-element_type=\"widget\" data-e-type=\"widget\" data-widget_type=\"text-editor.default\">\n\t\t\t\t<div class=\"elementor-widget-container\">\n\t\t\t\t\t\t\t\t\t<p>Welcome To Teachland nace de una p\u00e1gina de instagram donde se comparten consejos y materiales \u00fatiles para la preparaci\u00f3n de oposiciones. A d\u00eda de hoy ofrecemos cursos para la preparaci\u00f3n de ex\u00e1menes oficiales como Cambridge, Trinity o Aptis. Adem\u00e1s, tambi\u00e9n preparamos para las certificaciones por libre de la Escuela Oficial de Idiomas. Contamos con siete a\u00f1os de experiencia en la preparaci\u00f3n de estos ex\u00e1menes as\u00ed como en el mundo de la docencia. Creemos que seguir form\u00e1ndonos es el mejor modo de poder ofrecer una preparaci\u00f3n a la altura de tus expectativas.<\/p><p>Nuestros h\u00e1bitos y necesidad de aprendizaje han cambiado dr\u00e1sticamente. La evoluci\u00f3n de la formaci\u00f3n en idiomas requiere un cambio en el modelo de las academias tradicionales. M\u00e1s orientado a la flexibilidad, personalizaci\u00f3n y facilidades de acceso online.<\/p><p>En Welcome to Teachland conservamos lo mejor de una academia tradicional, pero aportando las ventajas de la formaci\u00f3n online, la tecnolog\u00eda y que sea a tu medida. La mejor academia de ingl\u00e9s online adaptada a tus necesidades.<\/p>\t\t\t\t\t\t\t\t<\/div>\n\t\t\t\t<\/div>\n\t\t\t\t<\/div>\n\t\t<div class=\"elementor-element elementor-element-b3518e6 e-con-full e-flex e-con e-child\" data-id=\"b3518e6\" data-element_type=\"container\" data-e-type=\"container\">\n\t\t\t\t<div class=\"elementor-element elementor-element-6675fcf elementor-widget elementor-widget-image\" data-id=\"6675fcf\" data-element_type=\"widget\" data-e-type=\"widget\" data-widget_type=\"image.default\">\n\t\t\t\t<div class=\"elementor-widget-container\">\n\t\t\t\t\t\t\t\t\t\t\t\t\t\t\t<img fetchpriority=\"high\" decoding=\"async\" width=\"525\" height=\"350\" src=\"https:\/\/welcometoteachland.es\/aula_sec\/wp-content\/uploads\/2021\/09\/sassy-blonde-girl-show-okay-sign-wink-and-smiling-assure-you-will-like-this-best-choice-ever-made-1024x683.jpg\" class=\"attachment-large size-large wp-image-4308\" alt=\"\" srcset=\"https:\/\/welcometoteachland.es\/aula_sec\/wp-content\/uploads\/2021\/09\/sassy-blonde-girl-show-okay-sign-wink-and-smiling-assure-you-will-like-this-best-choice-ever-made-1024x683.jpg 1024w, https:\/\/welcometoteachland.es\/aula_sec\/wp-content\/uploads\/2021\/09\/sassy-blonde-girl-show-okay-sign-wink-and-smiling-assure-you-will-like-this-best-choice-ever-made-300x200.jpg 300w, https:\/\/welcometoteachland.es\/aula_sec\/wp-content\/uploads\/2021\/09\/sassy-blonde-girl-show-okay-sign-wink-and-smiling-assure-you-will-like-this-best-choice-ever-made-768x512.jpg 768w, https:\/\/welcometoteachland.es\/aula_sec\/wp-content\/uploads\/2021\/09\/sassy-blonde-girl-show-okay-sign-wink-and-smiling-assure-you-will-like-this-best-choice-ever-made-1568x1045.jpg 1568w\" sizes=\"(max-width: 525px) 100vw, 525px\" \/>\t\t\t\t\t\t\t\t\t\t\t\t\t\t\t<\/div>\n\t\t\t\t<\/div>\n\t\t\t\t<\/div>\n\t\t\t\t\t<\/div>\n\t\t\t\t<\/div>\n\t\t\t\t<\/div>\n\t\t","protected":false},"excerpt":{"rendered":"<p>Welcome To Teachland nace de una p\u00e1gina de instagram donde se comparten consejos y materiales \u00fatiles para la preparaci\u00f3n de [&hellip;]<\/p>\n","protected":false},"author":143,"featured_media":0,"parent":0,"menu_order":0,"comment_status":"closed","ping_status":"closed","template":"elementor_header_footer","meta":{"footnotes":""},"class_list":["post-33","page","type-page","status-publish","hentry"],"yoast_head":"<!-- This site is optimized with the Yoast SEO plugin v27.4 - https:\/\/yoast.com\/product\/yoast-seo-wordpress\/ -->\n<title>\u00bfQui\u00e9nes somos? - Welcome To Teachland<\/title>\n<meta name=\"robots\" content=\"index, follow, max-snippet:-1, max-image-preview:large, max-video-preview:-1\" \/>\n<link rel=\"canonical\" href=\"https:\/\/welcometoteachland.es\/aula_sec\/nuestra-academia\/\" \/>\n<meta property=\"og:locale\" content=\"es_ES\" \/>\n<meta property=\"og:type\" content=\"article\" \/>\n<meta property=\"og:title\" content=\"\u00bfQui\u00e9nes somos? - Welcome To Teachland\" \/>\n<meta property=\"og:description\" content=\"Welcome To Teachland nace de una p\u00e1gina de instagram donde se comparten consejos y materiales \u00fatiles para la preparaci\u00f3n de [&hellip;]\" \/>\n<meta property=\"og:url\" content=\"https:\/\/welcometoteachland.es\/aula_sec\/nuestra-academia\/\" \/>\n<meta property=\"og:site_name\" content=\"Welcome To Teachland\" \/>\n<meta property=\"article:modified_time\" content=\"2024-04-17T21:47:13+00:00\" \/>\n<meta property=\"og:image\" content=\"https:\/\/welcometoteachland.es\/aula_sec\/wp-content\/uploads\/2021\/09\/sassy-blonde-girl-show-okay-sign-wink-and-smiling-assure-you-will-like-this-best-choice-ever-made-1024x683.jpg\" \/>\n\t<meta property=\"og:image:width\" content=\"1024\" \/>\n\t<meta property=\"og:image:height\" content=\"683\" \/>\n\t<meta property=\"og:image:type\" content=\"image\/jpeg\" \/>\n<meta name=\"twitter:card\" content=\"summary_large_image\" \/>\n<meta name=\"twitter:label1\" content=\"Tiempo de lectura\" \/>\n\t<meta name=\"twitter:data1\" content=\"1 minuto\" \/>\n<script type=\"application\/ld+json\" class=\"yoast-schema-graph\">{\"@context\":\"https:\\\/\\\/schema.org\",\"@graph\":[{\"@type\":\"WebPage\",\"@id\":\"https:\\\/\\\/welcometoteachland.es\\\/aula_sec\\\/nuestra-academia\\\/\",\"url\":\"https:\\\/\\\/welcometoteachland.es\\\/aula_sec\\\/nuestra-academia\\\/\",\"name\":\"\u00bfQui\u00e9nes somos? - Welcome To Teachland\",\"isPartOf\":{\"@id\":\"https:\\\/\\\/welcometoteachland.es\\\/aula_sec\\\/#website\"},\"primaryImageOfPage\":{\"@id\":\"https:\\\/\\\/welcometoteachland.es\\\/aula_sec\\\/nuestra-academia\\\/#primaryimage\"},\"image\":{\"@id\":\"https:\\\/\\\/welcometoteachland.es\\\/aula_sec\\\/nuestra-academia\\\/#primaryimage\"},\"thumbnailUrl\":\"https:\\\/\\\/welcometoteachland.es\\\/aula_sec\\\/wp-content\\\/uploads\\\/2021\\\/09\\\/sassy-blonde-girl-show-okay-sign-wink-and-smiling-assure-you-will-like-this-best-choice-ever-made-1024x683.jpg\",\"datePublished\":\"2017-05-16T07:46:19+00:00\",\"dateModified\":\"2024-04-17T21:47:13+00:00\",\"breadcrumb\":{\"@id\":\"https:\\\/\\\/welcometoteachland.es\\\/aula_sec\\\/nuestra-academia\\\/#breadcrumb\"},\"inLanguage\":\"es\",\"potentialAction\":[{\"@type\":\"ReadAction\",\"target\":[\"https:\\\/\\\/welcometoteachland.es\\\/aula_sec\\\/nuestra-academia\\\/\"]}]},{\"@type\":\"ImageObject\",\"inLanguage\":\"es\",\"@id\":\"https:\\\/\\\/welcometoteachland.es\\\/aula_sec\\\/nuestra-academia\\\/#primaryimage\",\"url\":\"https:\\\/\\\/welcometoteachland.es\\\/aula_sec\\\/wp-content\\\/uploads\\\/2021\\\/09\\\/sassy-blonde-girl-show-okay-sign-wink-and-smiling-assure-you-will-like-this-best-choice-ever-made.jpg\",\"contentUrl\":\"https:\\\/\\\/welcometoteachland.es\\\/aula_sec\\\/wp-content\\\/uploads\\\/2021\\\/09\\\/sassy-blonde-girl-show-okay-sign-wink-and-smiling-assure-you-will-like-this-best-choice-ever-made.jpg\",\"width\":7000,\"height\":4667,\"caption\":\"Sassy blonde girl show okay sign, wink and smiling, assure you will like this, best choice ever made, guarantee best quality, satisfied after passing courses, e-learning, confident about decision.\"},{\"@type\":\"BreadcrumbList\",\"@id\":\"https:\\\/\\\/welcometoteachland.es\\\/aula_sec\\\/nuestra-academia\\\/#breadcrumb\",\"itemListElement\":[{\"@type\":\"ListItem\",\"position\":1,\"name\":\"Portada\",\"item\":\"https:\\\/\\\/welcometoteachland.es\\\/aula_sec\\\/\"},{\"@type\":\"ListItem\",\"position\":2,\"name\":\"\u00bfQui\u00e9nes somos?\"}]},{\"@type\":\"WebSite\",\"@id\":\"https:\\\/\\\/welcometoteachland.es\\\/aula_sec\\\/#website\",\"url\":\"https:\\\/\\\/welcometoteachland.es\\\/aula_sec\\\/\",\"name\":\"Welcome To Teachland\",\"description\":\"\",\"publisher\":{\"@id\":\"https:\\\/\\\/welcometoteachland.es\\\/aula_sec\\\/#organization\"},\"potentialAction\":[{\"@type\":\"SearchAction\",\"target\":{\"@type\":\"EntryPoint\",\"urlTemplate\":\"https:\\\/\\\/welcometoteachland.es\\\/aula_sec\\\/?s={search_term_string}\"},\"query-input\":{\"@type\":\"PropertyValueSpecification\",\"valueRequired\":true,\"valueName\":\"search_term_string\"}}],\"inLanguage\":\"es\"},{\"@type\":\"Organization\",\"@id\":\"https:\\\/\\\/welcometoteachland.es\\\/aula_sec\\\/#organization\",\"name\":\"Welcome To Teachland\",\"url\":\"https:\\\/\\\/welcometoteachland.es\\\/aula_sec\\\/\",\"logo\":{\"@type\":\"ImageObject\",\"inLanguage\":\"es\",\"@id\":\"https:\\\/\\\/welcometoteachland.es\\\/aula_sec\\\/#\\\/schema\\\/logo\\\/image\\\/\",\"url\":\"https:\\\/\\\/welcometoteachland.es\\\/aula_sec\\\/wp-content\\\/uploads\\\/2021\\\/09\\\/cropped-Welcome-to-teachland-3-2.png\",\"contentUrl\":\"https:\\\/\\\/welcometoteachland.es\\\/aula_sec\\\/wp-content\\\/uploads\\\/2021\\\/09\\\/cropped-Welcome-to-teachland-3-2.png\",\"width\":327,\"height\":293,\"caption\":\"Welcome To Teachland\"},\"image\":{\"@id\":\"https:\\\/\\\/welcometoteachland.es\\\/aula_sec\\\/#\\\/schema\\\/logo\\\/image\\\/\"}}]}<\/script>\n<!-- \/ Yoast SEO plugin. -->","yoast_head_json":{"title":"\u00bfQui\u00e9nes somos? - Welcome To Teachland","robots":{"index":"index","follow":"follow","max-snippet":"max-snippet:-1","max-image-preview":"max-image-preview:large","max-video-preview":"max-video-preview:-1"},"canonical":"https:\/\/welcometoteachland.es\/aula_sec\/nuestra-academia\/","og_locale":"es_ES","og_type":"article","og_title":"\u00bfQui\u00e9nes somos? - Welcome To Teachland","og_description":"Welcome To Teachland nace de una p\u00e1gina de instagram donde se comparten consejos y materiales \u00fatiles para la preparaci\u00f3n de [&hellip;]","og_url":"https:\/\/welcometoteachland.es\/aula_sec\/nuestra-academia\/","og_site_name":"Welcome To Teachland","article_modified_time":"2024-04-17T21:47:13+00:00","og_image":[{"width":1024,"height":683,"url":"https:\/\/welcometoteachland.es\/aula_sec\/wp-content\/uploads\/2021\/09\/sassy-blonde-girl-show-okay-sign-wink-and-smiling-assure-you-will-like-this-best-choice-ever-made-1024x683.jpg","type":"image\/jpeg"}],"twitter_card":"summary_large_image","twitter_misc":{"Tiempo de lectura":"1 minuto"},"schema":{"@context":"https:\/\/schema.org","@graph":[{"@type":"WebPage","@id":"https:\/\/welcometoteachland.es\/aula_sec\/nuestra-academia\/","url":"https:\/\/welcometoteachland.es\/aula_sec\/nuestra-academia\/","name":"\u00bfQui\u00e9nes somos? - Welcome To Teachland","isPartOf":{"@id":"https:\/\/welcometoteachland.es\/aula_sec\/#website"},"primaryImageOfPage":{"@id":"https:\/\/welcometoteachland.es\/aula_sec\/nuestra-academia\/#primaryimage"},"image":{"@id":"https:\/\/welcometoteachland.es\/aula_sec\/nuestra-academia\/#primaryimage"},"thumbnailUrl":"https:\/\/welcometoteachland.es\/aula_sec\/wp-content\/uploads\/2021\/09\/sassy-blonde-girl-show-okay-sign-wink-and-smiling-assure-you-will-like-this-best-choice-ever-made-1024x683.jpg","datePublished":"2017-05-16T07:46:19+00:00","dateModified":"2024-04-17T21:47:13+00:00","breadcrumb":{"@id":"https:\/\/welcometoteachland.es\/aula_sec\/nuestra-academia\/#breadcrumb"},"inLanguage":"es","potentialAction":[{"@type":"ReadAction","target":["https:\/\/welcometoteachland.es\/aula_sec\/nuestra-academia\/"]}]},{"@type":"ImageObject","inLanguage":"es","@id":"https:\/\/welcometoteachland.es\/aula_sec\/nuestra-academia\/#primaryimage","url":"https:\/\/welcometoteachland.es\/aula_sec\/wp-content\/uploads\/2021\/09\/sassy-blonde-girl-show-okay-sign-wink-and-smiling-assure-you-will-like-this-best-choice-ever-made.jpg","contentUrl":"https:\/\/welcometoteachland.es\/aula_sec\/wp-content\/uploads\/2021\/09\/sassy-blonde-girl-show-okay-sign-wink-and-smiling-assure-you-will-like-this-best-choice-ever-made.jpg","width":7000,"height":4667,"caption":"Sassy blonde girl show okay sign, wink and smiling, assure you will like this, best choice ever made, guarantee best quality, satisfied after passing courses, e-learning, confident about decision."},{"@type":"BreadcrumbList","@id":"https:\/\/welcometoteachland.es\/aula_sec\/nuestra-academia\/#breadcrumb","itemListElement":[{"@type":"ListItem","position":1,"name":"Portada","item":"https:\/\/welcometoteachland.es\/aula_sec\/"},{"@type":"ListItem","position":2,"name":"\u00bfQui\u00e9nes somos?"}]},{"@type":"WebSite","@id":"https:\/\/welcometoteachland.es\/aula_sec\/#website","url":"https:\/\/welcometoteachland.es\/aula_sec\/","name":"Welcome To Teachland","description":"","publisher":{"@id":"https:\/\/welcometoteachland.es\/aula_sec\/#organization"},"potentialAction":[{"@type":"SearchAction","target":{"@type":"EntryPoint","urlTemplate":"https:\/\/welcometoteachland.es\/aula_sec\/?s={search_term_string}"},"query-input":{"@type":"PropertyValueSpecification","valueRequired":true,"valueName":"search_term_string"}}],"inLanguage":"es"},{"@type":"Organization","@id":"https:\/\/welcometoteachland.es\/aula_sec\/#organization","name":"Welcome To Teachland","url":"https:\/\/welcometoteachland.es\/aula_sec\/","logo":{"@type":"ImageObject","inLanguage":"es","@id":"https:\/\/welcometoteachland.es\/aula_sec\/#\/schema\/logo\/image\/","url":"https:\/\/welcometoteachland.es\/aula_sec\/wp-content\/uploads\/2021\/09\/cropped-Welcome-to-teachland-3-2.png","contentUrl":"https:\/\/welcometoteachland.es\/aula_sec\/wp-content\/uploads\/2021\/09\/cropped-Welcome-to-teachland-3-2.png","width":327,"height":293,"caption":"Welcome To Teachland"},"image":{"@id":"https:\/\/welcometoteachland.es\/aula_sec\/#\/schema\/logo\/image\/"}}]}},"_links":{"self":[{"href":"https:\/\/welcometoteachland.es\/aula_sec\/wp-json\/wp\/v2\/pages\/33","targetHints":{"allow":["GET"]}}],"collection":[{"href":"https:\/\/welcometoteachland.es\/aula_sec\/wp-json\/wp\/v2\/pages"}],"about":[{"href":"https:\/\/welcometoteachland.es\/aula_sec\/wp-json\/wp\/v2\/types\/page"}],"author":[{"embeddable":true,"href":"https:\/\/welcometoteachland.es\/aula_sec\/wp-json\/wp\/v2\/users\/143"}],"replies":[{"embeddable":true,"href":"https:\/\/welcometoteachland.es\/aula_sec\/wp-json\/wp\/v2\/comments?post=33"}],"version-history":[{"count":22,"href":"https:\/\/welcometoteachland.es\/aula_sec\/wp-json\/wp\/v2\/pages\/33\/revisions"}],"predecessor-version":[{"id":8045,"href":"https:\/\/welcometoteachland.es\/aula_sec\/wp-json\/wp\/v2\/pages\/33\/revisions\/8045"}],"wp:attachment":[{"href":"https:\/\/welcometoteachland.es\/aula_sec\/wp-json\/wp\/v2\/media?parent=33"}],"curies":[{"name":"wp","href":"https:\/\/api.w.org\/{rel}","templated":true}]}}