{"id":15,"date":"2017-05-16T08:46:41","date_gmt":"2017-05-16T06:46:41","guid":{"rendered":"https:\/\/welcometoteachland.es\/aula_sec\/?page_id=15"},"modified":"2023-02-18T18:49:41","modified_gmt":"2023-02-18T17:49:41","slug":"contacto","status":"publish","type":"page","link":"https:\/\/welcometoteachland.es\/aula_sec\/contacto\/","title":{"rendered":"Contacto"},"content":{"rendered":"<p>[vc_row gap=&#8221;20&#8243;][vc_column width=&#8221;1\/2&#8243;][vc_column_text 0=&#8221;&#8221;]<\/p>\n<h4><strong>Formulario de contacto:<\/strong><\/h4>\n<p style=\"text-align: justify;\">Mediante el siguiente formulario puedes contactar con nosotros de forma directa. Es muy importante que cumplimentes todos los datos correctamente para que podamos contactar\u00a0contigo lo antes posible.<\/p>\n<p>[\/vc_column_text][\/vc_column][vc_column width=&#8221;1\/2&#8243;][vc_column_text 0=&#8221;&#8221;]<\/p>\n<h4><strong>Datos de contacto:<\/strong><\/h4>\n<p>[\/vc_column_text]<div class=\"wpforms-container wpforms-container-full\" id=\"wpforms-6644\"><form id=\"wpforms-form-6644\" class=\"wpforms-validate wpforms-form wpforms-ajax-form\" data-formid=\"6644\" method=\"post\" enctype=\"multipart\/form-data\" action=\"\/aula_sec\/wp-json\/wp\/v2\/pages\/15\" data-token=\"503b76cd4677e1a37838a7f4d965401d\" data-token-time=\"1778075553\"><noscript class=\"wpforms-error-noscript\">Por favor, activa JavaScript en tu navegador para completar este formulario.<\/noscript><div class=\"wpforms-field-container\"><div id=\"wpforms-6644-field_0-container\" class=\"wpforms-field wpforms-field-name\" data-field-id=\"0\"><label class=\"wpforms-field-label\" for=\"wpforms-6644-field_0\">Nombre <span class=\"wpforms-required-label\">*<\/span><\/label><input type=\"text\" id=\"wpforms-6644-field_0\" class=\"wpforms-field-medium wpforms-field-required\" name=\"wpforms[fields][0]\" required><\/div><div id=\"wpforms-6644-field_1-container\" class=\"wpforms-field wpforms-field-email\" data-field-id=\"1\"><label class=\"wpforms-field-label\" for=\"wpforms-6644-field_1\">Correo electr\u00f3nico <span class=\"wpforms-required-label\">*<\/span><\/label><input type=\"email\" id=\"wpforms-6644-field_1\" class=\"wpforms-field-medium wpforms-field-required\" name=\"wpforms[fields][1]\" spellcheck=\"false\" required><\/div><div id=\"wpforms-6644-field_4-container\" class=\"wpforms-field wpforms-field-radio\" data-field-id=\"4\"><label class=\"wpforms-field-label\">Curso<\/label><ul id=\"wpforms-6644-field_4\"><li class=\"choice-1 depth-1\"><input type=\"radio\" id=\"wpforms-6644-field_4_1\" name=\"wpforms[fields][4]\" value=\"Ingl\u00e9s\"  ><label class=\"wpforms-field-label-inline\" for=\"wpforms-6644-field_4_1\">Ingl\u00e9s<\/label><\/li><li class=\"choice-2 depth-1\"><input type=\"radio\" id=\"wpforms-6644-field_4_2\" name=\"wpforms[fields][4]\" value=\"Franc\u00e9s\"  ><label class=\"wpforms-field-label-inline\" for=\"wpforms-6644-field_4_2\">Franc\u00e9s<\/label><\/li><\/ul><\/div><div id=\"wpforms-6644-field_5-container\" class=\"wpforms-field wpforms-field-radio\" data-field-id=\"5\"><label class=\"wpforms-field-label\">Nivel<\/label><ul id=\"wpforms-6644-field_5\"><li class=\"choice-1 depth-1\"><input type=\"radio\" id=\"wpforms-6644-field_5_1\" name=\"wpforms[fields][5]\" value=\"A1 (inicial)\"  ><label class=\"wpforms-field-label-inline\" for=\"wpforms-6644-field_5_1\">A1 (inicial)<\/label><\/li><li class=\"choice-2 depth-1\"><input type=\"radio\" id=\"wpforms-6644-field_5_2\" name=\"wpforms[fields][5]\" value=\"A2\"  ><label class=\"wpforms-field-label-inline\" for=\"wpforms-6644-field_5_2\">A2<\/label><\/li><li class=\"choice-4 depth-1\"><input type=\"radio\" id=\"wpforms-6644-field_5_4\" name=\"wpforms[fields][5]\" value=\"B1\"  ><label class=\"wpforms-field-label-inline\" for=\"wpforms-6644-field_5_4\">B1<\/label><\/li><li class=\"choice-5 depth-1\"><input type=\"radio\" id=\"wpforms-6644-field_5_5\" name=\"wpforms[fields][5]\" value=\"B2\"  ><label class=\"wpforms-field-label-inline\" for=\"wpforms-6644-field_5_5\">B2<\/label><\/li><li class=\"choice-6 depth-1\"><input type=\"radio\" id=\"wpforms-6644-field_5_6\" name=\"wpforms[fields][5]\" value=\"C1\"  ><label class=\"wpforms-field-label-inline\" for=\"wpforms-6644-field_5_6\">C1<\/label><\/li><\/ul><\/div><div id=\"wpforms-6644-field_8-container\" class=\"wpforms-field wpforms-field-gdpr-checkbox\" data-field-id=\"8\"><label class=\"wpforms-field-label\">Pol\u00edtica de protecci\u00f3n de datos y aviso legal <span class=\"wpforms-required-label\">*<\/span><\/label><ul id=\"wpforms-6644-field_8\" class=\"wpforms-field-required\"><li class=\"choice-1\"><input type=\"checkbox\" id=\"wpforms-6644-field_8_1\" name=\"wpforms[fields][8][]\" value=\"Doy mi consentimiento para que esta web almacene la informaci\u00f3n que env\u00edo para que puedan responder a mi petici\u00f3n. \" required ><label class=\"wpforms-field-label-inline\" for=\"wpforms-6644-field_8_1\">Doy mi consentimiento para que esta web almacene la informaci\u00f3n que env\u00edo para que puedan responder a mi petici\u00f3n. <\/label><\/li><\/ul><\/div><\/div><!-- .wpforms-field-container --><div class=\"wpforms-recaptcha-container wpforms-is-recaptcha wpforms-is-recaptcha-type-v2\" ><div class=\"g-recaptcha\" data-sitekey=\"6LfDF7wiAAAAADG139Tl1_bfeT3NKF5vFkS6ILbp\"><\/div><input type=\"text\" name=\"g-recaptcha-hidden\" class=\"wpforms-recaptcha-hidden\" style=\"position:absolute!important;clip:rect(0,0,0,0)!important;height:1px!important;width:1px!important;border:0!important;overflow:hidden!important;padding:0!important;margin:0!important;\" data-rule-recaptcha=\"1\"><\/div><div class=\"wpforms-submit-container\" ><input type=\"hidden\" name=\"wpforms[id]\" value=\"6644\"><input type=\"hidden\" name=\"page_title\" value=\"\"><input type=\"hidden\" name=\"page_url\" value=\"https:\/\/welcometoteachland.es\/aula_sec\/wp-json\/wp\/v2\/pages\/15\"><input type=\"hidden\" name=\"url_referer\" value=\"\"><button type=\"submit\" name=\"wpforms[submit]\" id=\"wpforms-submit-6644\" class=\"wpforms-submit\" data-alt-text=\"Enviando...\" data-submit-text=\"Enviar\" aria-live=\"assertive\" value=\"wpforms-submit\">Enviar<\/button><img decoding=\"async\" src=\"https:\/\/welcometoteachland.es\/aula_sec\/wp-content\/plugins\/wpforms-lite\/assets\/images\/submit-spin.svg\" class=\"wpforms-submit-spinner\" style=\"display: none;\" width=\"26\" height=\"26\" alt=\"Cargando\"><\/div><\/form><\/div>  <!-- .wpforms-container -->[\/vc_column][\/vc_row]<\/p>\n","protected":false},"excerpt":{"rendered":"<p>[vc_row gap=&#8221;20&#8243;][vc_column width=&#8221;1\/2&#8243;][vc_column_text 0=&#8221;&#8221;] Formulario de contacto: Mediante el siguiente formulario puedes contactar con nosotros de forma directa. Es muy [&hellip;]<\/p>\n","protected":false},"author":143,"featured_media":0,"parent":0,"menu_order":0,"comment_status":"closed","ping_status":"closed","template":"","meta":{"footnotes":""},"class_list":["post-15","page","type-page","status-publish","hentry"],"yoast_head":"<!-- This site is optimized with the Yoast SEO plugin v27.4 - https:\/\/yoast.com\/product\/yoast-seo-wordpress\/ -->\n<title>Contacto - Welcome To Teachland<\/title>\n<meta name=\"robots\" content=\"index, follow, max-snippet:-1, max-image-preview:large, max-video-preview:-1\" \/>\n<link rel=\"canonical\" href=\"https:\/\/welcometoteachland.es\/aula_sec\/contacto\/\" \/>\n<meta property=\"og:locale\" content=\"es_ES\" \/>\n<meta property=\"og:type\" content=\"article\" \/>\n<meta property=\"og:title\" content=\"Contacto - Welcome To Teachland\" \/>\n<meta property=\"og:description\" content=\"[vc_row gap=&#8221;20&#8243;][vc_column width=&#8221;1\/2&#8243;][vc_column_text 0=&#8221;&#8221;] Formulario de contacto: Mediante el siguiente formulario puedes contactar con nosotros de forma directa. Es muy [&hellip;]\" \/>\n<meta property=\"og:url\" content=\"https:\/\/welcometoteachland.es\/aula_sec\/contacto\/\" \/>\n<meta property=\"og:site_name\" content=\"Welcome To Teachland\" \/>\n<meta property=\"article:modified_time\" content=\"2023-02-18T17:49:41+00:00\" \/>\n<meta name=\"twitter:card\" content=\"summary_large_image\" \/>\n<script type=\"application\/ld+json\" class=\"yoast-schema-graph\">{\"@context\":\"https:\\\/\\\/schema.org\",\"@graph\":[{\"@type\":\"WebPage\",\"@id\":\"https:\\\/\\\/welcometoteachland.es\\\/aula_sec\\\/contacto\\\/\",\"url\":\"https:\\\/\\\/welcometoteachland.es\\\/aula_sec\\\/contacto\\\/\",\"name\":\"Contacto - Welcome To Teachland\",\"isPartOf\":{\"@id\":\"https:\\\/\\\/welcometoteachland.es\\\/aula_sec\\\/#website\"},\"datePublished\":\"2017-05-16T06:46:41+00:00\",\"dateModified\":\"2023-02-18T17:49:41+00:00\",\"breadcrumb\":{\"@id\":\"https:\\\/\\\/welcometoteachland.es\\\/aula_sec\\\/contacto\\\/#breadcrumb\"},\"inLanguage\":\"es\",\"potentialAction\":[{\"@type\":\"ReadAction\",\"target\":[\"https:\\\/\\\/welcometoteachland.es\\\/aula_sec\\\/contacto\\\/\"]}]},{\"@type\":\"BreadcrumbList\",\"@id\":\"https:\\\/\\\/welcometoteachland.es\\\/aula_sec\\\/contacto\\\/#breadcrumb\",\"itemListElement\":[{\"@type\":\"ListItem\",\"position\":1,\"name\":\"Portada\",\"item\":\"https:\\\/\\\/welcometoteachland.es\\\/aula_sec\\\/\"},{\"@type\":\"ListItem\",\"position\":2,\"name\":\"Contacto\"}]},{\"@type\":\"WebSite\",\"@id\":\"https:\\\/\\\/welcometoteachland.es\\\/aula_sec\\\/#website\",\"url\":\"https:\\\/\\\/welcometoteachland.es\\\/aula_sec\\\/\",\"name\":\"Welcome To Teachland\",\"description\":\"\",\"publisher\":{\"@id\":\"https:\\\/\\\/welcometoteachland.es\\\/aula_sec\\\/#organization\"},\"potentialAction\":[{\"@type\":\"SearchAction\",\"target\":{\"@type\":\"EntryPoint\",\"urlTemplate\":\"https:\\\/\\\/welcometoteachland.es\\\/aula_sec\\\/?s={search_term_string}\"},\"query-input\":{\"@type\":\"PropertyValueSpecification\",\"valueRequired\":true,\"valueName\":\"search_term_string\"}}],\"inLanguage\":\"es\"},{\"@type\":\"Organization\",\"@id\":\"https:\\\/\\\/welcometoteachland.es\\\/aula_sec\\\/#organization\",\"name\":\"Welcome To Teachland\",\"url\":\"https:\\\/\\\/welcometoteachland.es\\\/aula_sec\\\/\",\"logo\":{\"@type\":\"ImageObject\",\"inLanguage\":\"es\",\"@id\":\"https:\\\/\\\/welcometoteachland.es\\\/aula_sec\\\/#\\\/schema\\\/logo\\\/image\\\/\",\"url\":\"https:\\\/\\\/welcometoteachland.es\\\/aula_sec\\\/wp-content\\\/uploads\\\/2021\\\/09\\\/cropped-Welcome-to-teachland-3-2.png\",\"contentUrl\":\"https:\\\/\\\/welcometoteachland.es\\\/aula_sec\\\/wp-content\\\/uploads\\\/2021\\\/09\\\/cropped-Welcome-to-teachland-3-2.png\",\"width\":327,\"height\":293,\"caption\":\"Welcome To Teachland\"},\"image\":{\"@id\":\"https:\\\/\\\/welcometoteachland.es\\\/aula_sec\\\/#\\\/schema\\\/logo\\\/image\\\/\"}}]}<\/script>\n<!-- \/ Yoast SEO plugin. -->","yoast_head_json":{"title":"Contacto - Welcome To Teachland","robots":{"index":"index","follow":"follow","max-snippet":"max-snippet:-1","max-image-preview":"max-image-preview:large","max-video-preview":"max-video-preview:-1"},"canonical":"https:\/\/welcometoteachland.es\/aula_sec\/contacto\/","og_locale":"es_ES","og_type":"article","og_title":"Contacto - Welcome To Teachland","og_description":"[vc_row gap=&#8221;20&#8243;][vc_column width=&#8221;1\/2&#8243;][vc_column_text 0=&#8221;&#8221;] Formulario de contacto: Mediante el siguiente formulario puedes contactar con nosotros de forma directa. Es muy [&hellip;]","og_url":"https:\/\/welcometoteachland.es\/aula_sec\/contacto\/","og_site_name":"Welcome To Teachland","article_modified_time":"2023-02-18T17:49:41+00:00","twitter_card":"summary_large_image","schema":{"@context":"https:\/\/schema.org","@graph":[{"@type":"WebPage","@id":"https:\/\/welcometoteachland.es\/aula_sec\/contacto\/","url":"https:\/\/welcometoteachland.es\/aula_sec\/contacto\/","name":"Contacto - Welcome To Teachland","isPartOf":{"@id":"https:\/\/welcometoteachland.es\/aula_sec\/#website"},"datePublished":"2017-05-16T06:46:41+00:00","dateModified":"2023-02-18T17:49:41+00:00","breadcrumb":{"@id":"https:\/\/welcometoteachland.es\/aula_sec\/contacto\/#breadcrumb"},"inLanguage":"es","potentialAction":[{"@type":"ReadAction","target":["https:\/\/welcometoteachland.es\/aula_sec\/contacto\/"]}]},{"@type":"BreadcrumbList","@id":"https:\/\/welcometoteachland.es\/aula_sec\/contacto\/#breadcrumb","itemListElement":[{"@type":"ListItem","position":1,"name":"Portada","item":"https:\/\/welcometoteachland.es\/aula_sec\/"},{"@type":"ListItem","position":2,"name":"Contacto"}]},{"@type":"WebSite","@id":"https:\/\/welcometoteachland.es\/aula_sec\/#website","url":"https:\/\/welcometoteachland.es\/aula_sec\/","name":"Welcome To Teachland","description":"","publisher":{"@id":"https:\/\/welcometoteachland.es\/aula_sec\/#organization"},"potentialAction":[{"@type":"SearchAction","target":{"@type":"EntryPoint","urlTemplate":"https:\/\/welcometoteachland.es\/aula_sec\/?s={search_term_string}"},"query-input":{"@type":"PropertyValueSpecification","valueRequired":true,"valueName":"search_term_string"}}],"inLanguage":"es"},{"@type":"Organization","@id":"https:\/\/welcometoteachland.es\/aula_sec\/#organization","name":"Welcome To Teachland","url":"https:\/\/welcometoteachland.es\/aula_sec\/","logo":{"@type":"ImageObject","inLanguage":"es","@id":"https:\/\/welcometoteachland.es\/aula_sec\/#\/schema\/logo\/image\/","url":"https:\/\/welcometoteachland.es\/aula_sec\/wp-content\/uploads\/2021\/09\/cropped-Welcome-to-teachland-3-2.png","contentUrl":"https:\/\/welcometoteachland.es\/aula_sec\/wp-content\/uploads\/2021\/09\/cropped-Welcome-to-teachland-3-2.png","width":327,"height":293,"caption":"Welcome To Teachland"},"image":{"@id":"https:\/\/welcometoteachland.es\/aula_sec\/#\/schema\/logo\/image\/"}}]}},"_links":{"self":[{"href":"https:\/\/welcometoteachland.es\/aula_sec\/wp-json\/wp\/v2\/pages\/15","targetHints":{"allow":["GET"]}}],"collection":[{"href":"https:\/\/welcometoteachland.es\/aula_sec\/wp-json\/wp\/v2\/pages"}],"about":[{"href":"https:\/\/welcometoteachland.es\/aula_sec\/wp-json\/wp\/v2\/types\/page"}],"author":[{"embeddable":true,"href":"https:\/\/welcometoteachland.es\/aula_sec\/wp-json\/wp\/v2\/users\/143"}],"replies":[{"embeddable":true,"href":"https:\/\/welcometoteachland.es\/aula_sec\/wp-json\/wp\/v2\/comments?post=15"}],"version-history":[{"count":15,"href":"https:\/\/welcometoteachland.es\/aula_sec\/wp-json\/wp\/v2\/pages\/15\/revisions"}],"predecessor-version":[{"id":7338,"href":"https:\/\/welcometoteachland.es\/aula_sec\/wp-json\/wp\/v2\/pages\/15\/revisions\/7338"}],"wp:attachment":[{"href":"https:\/\/welcometoteachland.es\/aula_sec\/wp-json\/wp\/v2\/media?parent=15"}],"curies":[{"name":"wp","href":"https:\/\/api.w.org\/{rel}","templated":true}]}}